{"id":1074,"date":"2025-01-03T23:27:05","date_gmt":"2025-01-03T23:27:05","guid":{"rendered":"https:\/\/farmacolor.net\/?page_id=1074"},"modified":"2025-10-21T18:43:08","modified_gmt":"2025-10-21T18:43:08","slug":"industria-textil-2","status":"publish","type":"page","link":"https:\/\/farmacolor.net\/index.php\/industria-textil-2\/","title":{"rendered":"Industria Textil"},"content":{"rendered":"\t\t<div data-elementor-type=\"wp-page\" data-elementor-id=\"1074\" class=\"elementor elementor-1074\">\n\t\t\t\t\t\t<section class=\"elementor-section elementor-top-section elementor-element elementor-element-7ebf42a elementor-section-boxed elementor-section-height-default elementor-section-height-default\" data-id=\"7ebf42a\" data-element_type=\"section\">\n\t\t\t\t\t\t<div class=\"elementor-container elementor-column-gap-default\">\n\t\t\t\t\t<div class=\"elementor-column elementor-col-100 elementor-top-column elementor-element elementor-element-219e0db\" data-id=\"219e0db\" data-element_type=\"column\">\n\t\t\t<div class=\"elementor-widget-wrap\">\n\t\t\t\t\t\t\t<\/div>\n\t\t<\/div>\n\t\t\t\t\t<\/div>\n\t\t<\/section>\n\t\t\t\t<section class=\"elementor-section elementor-top-section elementor-element elementor-element-1f22e87 elementor-section-boxed elementor-section-height-default elementor-section-height-default\" data-id=\"1f22e87\" data-element_type=\"section\">\n\t\t\t\t\t\t<div class=\"elementor-container elementor-column-gap-default\">\n\t\t\t\t\t<div class=\"elementor-column elementor-col-33 elementor-top-column elementor-element elementor-element-72faaa2\" data-id=\"72faaa2\" data-element_type=\"column\">\n\t\t\t<div class=\"elementor-widget-wrap elementor-element-populated\">\n\t\t\t\t\t\t<div class=\"elementor-element elementor-element-6bb22b9 elementor-widget elementor-widget-image\" data-id=\"6bb22b9\" data-element_type=\"widget\" data-widget_type=\"image.default\">\n\t\t\t\t<div class=\"elementor-widget-container\">\n\t\t\t\t\t\t\t\t\t\t\t\t\t<img fetchpriority=\"high\" decoding=\"async\" width=\"1024\" height=\"602\" src=\"https:\/\/farmacolor.net\/wp-content\/uploads\/2025\/10\/farmacolor2.jpg\" class=\"attachment-large size-large wp-image-1137\" alt=\"\" srcset=\"https:\/\/farmacolor.net\/wp-content\/uploads\/2025\/10\/farmacolor2.jpg 1024w, https:\/\/farmacolor.net\/wp-content\/uploads\/2025\/10\/farmacolor2-300x176.jpg 300w, https:\/\/farmacolor.net\/wp-content\/uploads\/2025\/10\/farmacolor2-768x452.jpg 768w\" sizes=\"(max-width: 1024px) 100vw, 1024px\" \/>\t\t\t\t\t\t\t\t\t\t\t\t\t<\/div>\n\t\t\t\t<\/div>\n\t\t\t\t<div class=\"elementor-element elementor-element-0424fd9 elementor-widget elementor-widget-image\" data-id=\"0424fd9\" data-element_type=\"widget\" data-widget_type=\"image.default\">\n\t\t\t\t<div class=\"elementor-widget-container\">\n\t\t\t\t\t\t\t\t\t\t\t\t\t<img decoding=\"async\" width=\"1024\" height=\"575\" src=\"https:\/\/farmacolor.net\/wp-content\/uploads\/2025\/10\/farmacolor1.jpg\" class=\"attachment-large size-large wp-image-1136\" alt=\"\" srcset=\"https:\/\/farmacolor.net\/wp-content\/uploads\/2025\/10\/farmacolor1.jpg 1024w, https:\/\/farmacolor.net\/wp-content\/uploads\/2025\/10\/farmacolor1-300x168.jpg 300w, https:\/\/farmacolor.net\/wp-content\/uploads\/2025\/10\/farmacolor1-768x431.jpg 768w\" sizes=\"(max-width: 1024px) 100vw, 1024px\" \/>\t\t\t\t\t\t\t\t\t\t\t\t\t<\/div>\n\t\t\t\t<\/div>\n\t\t\t\t\t<\/div>\n\t\t<\/div>\n\t\t\t\t<div class=\"elementor-column elementor-col-66 elementor-top-column elementor-element elementor-element-490707b\" data-id=\"490707b\" data-element_type=\"column\">\n\t\t\t<div class=\"elementor-widget-wrap elementor-element-populated\">\n\t\t\t\t\t\t<div class=\"elementor-element elementor-element-79b9e80 elementor-widget__width-initial elementor-widget elementor-widget-text-editor\" data-id=\"79b9e80\" data-element_type=\"widget\" data-widget_type=\"text-editor.default\">\n\t\t\t\t<div class=\"elementor-widget-container\">\n\t\t\t\t\t\t\t<p>Buscamos la sostenibilidad y la innovaci\u00f3n para satisfacer las necesidades de los clientes con cumplimiento de est\u00e1ndares de calidad, con productos libres de contaminantes y ambientalmente amigables.<\/p><p>Desde hace mas de 20 a\u00f1os somos parte importante en la cadena de suministro textil, con qu\u00edmicos y auxiliares especializados para el tratamiento previo, tintura y acabado de productos textiles, afrontando desaf\u00edos de sostenibilidad y eficiencia proporcionando soluciones integrales a nuestros clientes.<\/p><p>Dentro de nuestro portafolio contamos con auxiliares para dispersi\u00f3n, blanqueadores \u00f3pticos, agentes de lavado, suavizantes, agentes dispersantes e igualadores, limpiadores para maquinaria de laboratorio y produccion, entre otros ayudantes del proceso.<\/p>\t\t\t\t\t\t<\/div>\n\t\t\t\t<\/div>\n\t\t\t\t\t<\/div>\n\t\t<\/div>\n\t\t\t\t\t<\/div>\n\t\t<\/section>\n\t\t\t\t<\/div>\n\t\t","protected":false},"excerpt":{"rendered":"<p>Buscamos la sostenibilidad y la innovaci\u00f3n para satisfacer las necesidades de los clientes con cumplimiento de est\u00e1ndares de calidad, con productos libres de contaminantes y ambientalmente amigables. Desde hace mas de 20 a\u00f1os somos parte importante en la cadena de suministro textil, con qu\u00edmicos y auxiliares especializados para el tratamiento previo, tintura y acabado de [&hellip;]<\/p>\n","protected":false},"author":1,"featured_media":0,"parent":0,"menu_order":0,"comment_status":"closed","ping_status":"closed","template":"","meta":{"footnotes":""},"class_list":["post-1074","page","type-page","status-publish","hentry"],"_links":{"self":[{"href":"https:\/\/farmacolor.net\/index.php\/wp-json\/wp\/v2\/pages\/1074","targetHints":{"allow":["GET"]}}],"collection":[{"href":"https:\/\/farmacolor.net\/index.php\/wp-json\/wp\/v2\/pages"}],"about":[{"href":"https:\/\/farmacolor.net\/index.php\/wp-json\/wp\/v2\/types\/page"}],"author":[{"embeddable":true,"href":"https:\/\/farmacolor.net\/index.php\/wp-json\/wp\/v2\/users\/1"}],"replies":[{"embeddable":true,"href":"https:\/\/farmacolor.net\/index.php\/wp-json\/wp\/v2\/comments?post=1074"}],"version-history":[{"count":25,"href":"https:\/\/farmacolor.net\/index.php\/wp-json\/wp\/v2\/pages\/1074\/revisions"}],"predecessor-version":[{"id":1150,"href":"https:\/\/farmacolor.net\/index.php\/wp-json\/wp\/v2\/pages\/1074\/revisions\/1150"}],"wp:attachment":[{"href":"https:\/\/farmacolor.net\/index.php\/wp-json\/wp\/v2\/media?parent=1074"}],"curies":[{"name":"wp","href":"https:\/\/api.w.org\/{rel}","templated":true}]}}