{"id":2,"date":"2019-03-12T21:13:41","date_gmt":"2019-03-12T21:13:41","guid":{"rendered":"http:\/\/farmacolor.net\/?page_id=2"},"modified":"2019-03-16T20:34:23","modified_gmt":"2019-03-16T20:34:23","slug":"empresa","status":"publish","type":"page","link":"https:\/\/farmacolor.net\/index.php\/empresa\/","title":{"rendered":"Nuestra Empresa"},"content":{"rendered":"\t\t<div data-elementor-type=\"wp-post\" data-elementor-id=\"2\" class=\"elementor elementor-2\">\n\t\t\t\t\t\t<section class=\"elementor-section elementor-top-section elementor-element elementor-element-3691a7f5 elementor-section-height-min-height elementor-section-boxed elementor-section-height-default elementor-section-items-middle\" data-id=\"3691a7f5\" data-element_type=\"section\" data-settings=\"{&quot;background_background&quot;:&quot;classic&quot;}\">\n\t\t\t\t\t\t\t<div class=\"elementor-background-overlay\"><\/div>\n\t\t\t\t\t\t\t<div class=\"elementor-container elementor-column-gap-default\">\n\t\t\t\t\t<div class=\"elementor-column elementor-col-100 elementor-top-column elementor-element elementor-element-7f0e181a\" data-id=\"7f0e181a\" data-element_type=\"column\">\n\t\t\t<div class=\"elementor-widget-wrap elementor-element-populated\">\n\t\t\t\t\t\t<div class=\"elementor-element elementor-element-58418359 elementor-widget elementor-widget-heading\" data-id=\"58418359\" data-element_type=\"widget\" data-widget_type=\"heading.default\">\n\t\t\t\t<div class=\"elementor-widget-container\">\n\t\t\t<h2 class=\"elementor-heading-title elementor-size-large\">Farmacolor s.a<\/h2>\t\t<\/div>\n\t\t\t\t<\/div>\n\t\t\t\t<div class=\"elementor-element elementor-element-57b47c43 elementor-widget elementor-widget-text-editor\" data-id=\"57b47c43\" data-element_type=\"widget\" data-widget_type=\"text-editor.default\">\n\t\t\t\t<div class=\"elementor-widget-container\">\n\t\t\t\t\t\t\t<p style=\"text-align: left;\">\u00a0Es una compa\u00f1\u00eda con m\u00e1s de diez a\u00f1os de experiencia<br \/>en el ramo textil. Desde su fundaci\u00f3n ha asesorado a empresas en<br \/>Guatemala, El Salvador, Honduras, Colombia, Per\u00fa, Ecuador y<br \/>M\u00e9xico.<br \/>En Farmacolor valoramos la relaci\u00f3n con nuestros clientes,<br \/>ofreciendo productos y servicios con los m\u00e1s altos est\u00e1ndares de<br \/>calidad, incluyendo:<\/p><p style=\"text-align: left;\">\u2713 Auxiliares de tintura<br \/>\u2713 Acabado y tratamiento posterior<br \/>\u2713 Tratamiento previo<br \/>\u2713 Auxiliares de estampaci\u00f3n<br \/>\u2713 Colorantes dispersos<br \/>\u2713 Luminosos<br \/>\u2713 De alta solidez al lavado<br \/>\u2713 Colores especiales<br \/>\u2713 Otros<br \/>\u2713 Colorantes reactivos<br \/>\u2713 Blanqueadores \u00f3pticos<br \/>\u2713 Productos para fabricaci\u00f3n de detergentes<br \/>\u2713 Maquinaria textil<br \/>\u2713 Maquinaria para laboratorios<br \/>\u2713 Asesor\u00eda y asistencia t\u00e9cnica<br \/>Nuestro \u00e9xito lo debemos al objetivo de construir relaciones<br \/>duraderas con nuestros clientes mediante la excelencia, innovaci\u00f3n<br \/>y altos est\u00e1ndares de calidad.<br \/>Productos Qu\u00edmicos Para Industria Textil<br \/>Todos nuestros productos qu\u00edmicos son fabricados bajo los m\u00e1s<br \/>altos est\u00e1ndares de calidad europeos. Su uso, acompa\u00f1ado por<br \/>nuestros asesores t\u00e9cnicos, son una garant\u00eda de buenos resultados.<\/p><p style=\"text-align: left;\">Colorantes Especiales<br \/>Ofrecemos colorantes especiales para tonalidades grises, beige, caf\u00e9<br \/>chocolate entre otros. La ventaja de estos productos es que evitan<br \/>la necesidad de trabajar con tricotom\u00edas.<\/p><p style=\"text-align: left;\">Maquinaria y Equipo de Laboratorio<br \/>Somos los representantes de Ilsung y Daelim a nivel regional,<br \/>ambas, marcas de gran prestigio en Corea. Ofrecemos todo tipo de<br \/>maquinaria para plantas de tintura, as\u00ed como equipo especializado<br \/>para laboratorios.<br \/>Equipo T\u00e9cnico<br \/>Contamos con los expertos m\u00e1s calificados para toda clase de<br \/>procesos y procedimientos de la industria textil. Nuestros clientes<br \/>son acompa\u00f1ados y asesorados en todo momento<\/p>\t\t\t\t\t\t<\/div>\n\t\t\t\t<\/div>\n\t\t\t\t<div class=\"elementor-element elementor-element-ed4ace8 elementor-align-center elementor-widget elementor-widget-button\" data-id=\"ed4ace8\" data-element_type=\"widget\" data-widget_type=\"button.default\">\n\t\t\t\t<div class=\"elementor-widget-container\">\n\t\t\t\t\t\t\t<div class=\"elementor-button-wrapper\">\n\t\t\t\t\t<a class=\"elementor-button elementor-button-link elementor-size-sm\" href=\"#\">\n\t\t\t\t\t\t<span class=\"elementor-button-content-wrapper\">\n\t\t\t\t\t\t\t\t\t<span class=\"elementor-button-text\">Cont\u00e1ctenos<\/span>\n\t\t\t\t\t<\/span>\n\t\t\t\t\t<\/a>\n\t\t\t\t<\/div>\n\t\t\t\t\t\t<\/div>\n\t\t\t\t<\/div>\n\t\t\t\t\t<\/div>\n\t\t<\/div>\n\t\t\t\t\t<\/div>\n\t\t<\/section>\n\t\t\t\t<\/div>\n\t\t","protected":false},"excerpt":{"rendered":"<p>Farmacolor s.a \u00a0Es una compa\u00f1\u00eda con m\u00e1s de diez a\u00f1os de experienciaen el ramo textil. Desde su fundaci\u00f3n ha asesorado a empresas enGuatemala, El Salvador, Honduras, Colombia, Per\u00fa, Ecuador yM\u00e9xico.En Farmacolor valoramos la relaci\u00f3n con nuestros clientes,ofreciendo productos y servicios con los m\u00e1s altos est\u00e1ndares decalidad, incluyendo: \u2713 Auxiliares de tintura\u2713 Acabado y tratamiento posterior\u2713 [&hellip;]<\/p>\n","protected":false},"author":1,"featured_media":0,"parent":0,"menu_order":0,"comment_status":"closed","ping_status":"open","template":"","meta":{"footnotes":""},"class_list":["post-2","page","type-page","status-publish","hentry"],"_links":{"self":[{"href":"https:\/\/farmacolor.net\/index.php\/wp-json\/wp\/v2\/pages\/2","targetHints":{"allow":["GET"]}}],"collection":[{"href":"https:\/\/farmacolor.net\/index.php\/wp-json\/wp\/v2\/pages"}],"about":[{"href":"https:\/\/farmacolor.net\/index.php\/wp-json\/wp\/v2\/types\/page"}],"author":[{"embeddable":true,"href":"https:\/\/farmacolor.net\/index.php\/wp-json\/wp\/v2\/users\/1"}],"replies":[{"embeddable":true,"href":"https:\/\/farmacolor.net\/index.php\/wp-json\/wp\/v2\/comments?post=2"}],"version-history":[{"count":12,"href":"https:\/\/farmacolor.net\/index.php\/wp-json\/wp\/v2\/pages\/2\/revisions"}],"predecessor-version":[{"id":119,"href":"https:\/\/farmacolor.net\/index.php\/wp-json\/wp\/v2\/pages\/2\/revisions\/119"}],"wp:attachment":[{"href":"https:\/\/farmacolor.net\/index.php\/wp-json\/wp\/v2\/media?parent=2"}],"curies":[{"name":"wp","href":"https:\/\/api.w.org\/{rel}","templated":true}]}}