{"id":761,"date":"2024-10-02T16:52:59","date_gmt":"2024-10-02T16:52:59","guid":{"rendered":"https:\/\/farmacolor.net\/?page_id=761"},"modified":"2025-01-03T23:36:57","modified_gmt":"2025-01-03T23:36:57","slug":"linea-aseo-y-cuidado-del-hogar","status":"publish","type":"page","link":"https:\/\/farmacolor.net\/index.php\/linea-aseo-y-cuidado-del-hogar\/","title":{"rendered":"Materias primas para la fabricaci\u00f3n de Detergentes, Jabones y Suavizantes."},"content":{"rendered":"\t\t<div data-elementor-type=\"wp-page\" data-elementor-id=\"761\" class=\"elementor elementor-761\">\n\t\t\t\t\t\t<section class=\"elementor-section elementor-top-section elementor-element elementor-element-7a1d2d0 elementor-section-boxed elementor-section-height-default elementor-section-height-default\" data-id=\"7a1d2d0\" data-element_type=\"section\">\n\t\t\t\t\t\t<div class=\"elementor-container elementor-column-gap-default\">\n\t\t\t\t\t<div class=\"elementor-column elementor-col-100 elementor-top-column elementor-element elementor-element-e20d2cf\" data-id=\"e20d2cf\" data-element_type=\"column\">\n\t\t\t<div class=\"elementor-widget-wrap elementor-element-populated\">\n\t\t\t\t\t\t<div class=\"elementor-element elementor-element-34bb5cd elementor-widget__width-initial elementor-widget elementor-widget-text-editor\" data-id=\"34bb5cd\" data-element_type=\"widget\" data-widget_type=\"text-editor.default\">\n\t\t\t\t<div class=\"elementor-widget-container\">\n\t\t\t\t\t\t\t<p><strong>Contamos con Materias Primas de la mas alta calidad a precios competitivos para la producci\u00f3n de Detergentes, Jabones, Suavizantes y todo tipo de ductos de limpieza.<\/strong><\/p><ul><li>Abrillantadores \u00f3pticos para detergentes y jabones l\u00edquidos y polvos<br \/>Agentes secuestrantes de dureza.<br \/>Fabricaci\u00f3n de Materias Primas propias con alto desempe\u00f1o y precio competitivo<br \/>Speckles<br \/>Pigmentos para jabones l\u00edquidos y en polvo<br \/>Maquinaria para elaboraci\u00f3n de pruebas de rendimiento de detergentes<br \/>Esencias y aceites esenciales: Confieren aroma agradable a los productos de limpieza.<br \/>Espesantes que Aumentan la viscosidad de los productos l\u00edquidos, mejorando su textura y apariencia.<br \/>Bases para suavizantes<br \/>Antiespumantes para detergentes y jabones &#8220;high efficiency&#8221;<br \/>Materias Primas ecol\u00f3gicas y Biodegradables.<\/li><\/ul>\t\t\t\t\t\t<\/div>\n\t\t\t\t<\/div>\n\t\t\t\t\t<\/div>\n\t\t<\/div>\n\t\t\t\t\t<\/div>\n\t\t<\/section>\n\t\t\t\t<section class=\"elementor-section elementor-top-section elementor-element elementor-element-b6563c8 elementor-section-boxed elementor-section-height-default elementor-section-height-default\" data-id=\"b6563c8\" data-element_type=\"section\">\n\t\t\t\t\t\t<div class=\"elementor-container elementor-column-gap-default\">\n\t\t\t\t\t<div class=\"elementor-column elementor-col-100 elementor-top-column elementor-element elementor-element-48127d9\" data-id=\"48127d9\" data-element_type=\"column\">\n\t\t\t<div class=\"elementor-widget-wrap elementor-element-populated\">\n\t\t\t\t\t\t<div class=\"elementor-element elementor-element-18dd4ce elementor-arrows-position-inside elementor-pagination-position-outside elementor-widget elementor-widget-image-carousel\" data-id=\"18dd4ce\" data-element_type=\"widget\" data-settings=\"{&quot;slides_to_show&quot;:&quot;1&quot;,&quot;navigation&quot;:&quot;both&quot;,&quot;autoplay&quot;:&quot;yes&quot;,&quot;pause_on_hover&quot;:&quot;yes&quot;,&quot;pause_on_interaction&quot;:&quot;yes&quot;,&quot;autoplay_speed&quot;:5000,&quot;infinite&quot;:&quot;yes&quot;,&quot;effect&quot;:&quot;slide&quot;,&quot;speed&quot;:500}\" data-widget_type=\"image-carousel.default\">\n\t\t\t\t<div class=\"elementor-widget-container\">\n\t\t\t\t\t<div class=\"elementor-image-carousel-wrapper swiper\" dir=\"ltr\">\n\t\t\t<div class=\"elementor-image-carousel swiper-wrapper swiper-image-stretch\" aria-live=\"off\">\n\t\t\t\t\t\t\t\t<div class=\"swiper-slide\" role=\"group\" aria-roledescription=\"slide\" aria-label=\"1 de 4\"><figure class=\"swiper-slide-inner\"><img decoding=\"async\" class=\"swiper-slide-image\" src=\"https:\/\/farmacolor.net\/wp-content\/uploads\/2024\/09\/header0-1-1024x499.jpg\" alt=\"Abrillantador en Polvo\" \/><\/figure><\/div><div class=\"swiper-slide\" role=\"group\" aria-roledescription=\"slide\" aria-label=\"2 de 4\"><figure class=\"swiper-slide-inner\"><img decoding=\"async\" class=\"swiper-slide-image\" src=\"https:\/\/farmacolor.net\/wp-content\/uploads\/2024\/11\/WhatsApp-Image-2024-11-12-at-2.49.49-PM-1-1-1024x514.jpeg\" alt=\"WhatsApp Image 2024-11-12 at 2.49.49 PM (1) (1)\" \/><\/figure><\/div><div class=\"swiper-slide\" role=\"group\" aria-roledescription=\"slide\" aria-label=\"3 de 4\"><figure class=\"swiper-slide-inner\"><img decoding=\"async\" class=\"swiper-slide-image\" src=\"https:\/\/farmacolor.net\/wp-content\/uploads\/2024\/11\/WhatsApp-Image-2024-11-12-at-2.49.49-PM-2-1024x637.jpeg\" alt=\"WhatsApp Image 2024-11-12 at 2.49.49 PM (2)\" \/><\/figure><\/div><div class=\"swiper-slide\" role=\"group\" aria-roledescription=\"slide\" aria-label=\"4 de 4\"><figure class=\"swiper-slide-inner\"><img decoding=\"async\" class=\"swiper-slide-image\" src=\"https:\/\/farmacolor.net\/wp-content\/uploads\/2024\/11\/Imagen7-1024x355.jpg\" alt=\"Imagen7\" \/><\/figure><\/div>\t\t\t<\/div>\n\t\t\t\t\t\t\t\t\t\t\t\t<div class=\"elementor-swiper-button elementor-swiper-button-prev\" role=\"button\" tabindex=\"0\">\n\t\t\t\t\t\t<i aria-hidden=\"true\" class=\"eicon-chevron-left\"><\/i>\t\t\t\t\t<\/div>\n\t\t\t\t\t<div class=\"elementor-swiper-button elementor-swiper-button-next\" role=\"button\" tabindex=\"0\">\n\t\t\t\t\t\t<i aria-hidden=\"true\" class=\"eicon-chevron-right\"><\/i>\t\t\t\t\t<\/div>\n\t\t\t\t\n\t\t\t\t\t\t\t\t\t<div class=\"swiper-pagination\"><\/div>\n\t\t\t\t\t\t\t\t\t<\/div>\n\t\t\t\t<\/div>\n\t\t\t\t<\/div>\n\t\t\t\t\t<\/div>\n\t\t<\/div>\n\t\t\t\t\t<\/div>\n\t\t<\/section>\n\t\t\t\t<\/div>\n\t\t","protected":false},"excerpt":{"rendered":"<p>Contamos con Materias Primas de la mas alta calidad a precios competitivos para la producci\u00f3n de Detergentes, Jabones, Suavizantes y todo tipo de ductos de limpieza. Abrillantadores \u00f3pticos para detergentes y jabones l\u00edquidos y polvosAgentes secuestrantes de dureza.Fabricaci\u00f3n de Materias Primas propias con alto desempe\u00f1o y precio competitivoSpecklesPigmentos para jabones l\u00edquidos y en polvoMaquinaria para [&hellip;]<\/p>\n","protected":false},"author":1,"featured_media":0,"parent":0,"menu_order":0,"comment_status":"closed","ping_status":"closed","template":"","meta":{"footnotes":""},"class_list":["post-761","page","type-page","status-publish","hentry"],"_links":{"self":[{"href":"https:\/\/farmacolor.net\/index.php\/wp-json\/wp\/v2\/pages\/761","targetHints":{"allow":["GET"]}}],"collection":[{"href":"https:\/\/farmacolor.net\/index.php\/wp-json\/wp\/v2\/pages"}],"about":[{"href":"https:\/\/farmacolor.net\/index.php\/wp-json\/wp\/v2\/types\/page"}],"author":[{"embeddable":true,"href":"https:\/\/farmacolor.net\/index.php\/wp-json\/wp\/v2\/users\/1"}],"replies":[{"embeddable":true,"href":"https:\/\/farmacolor.net\/index.php\/wp-json\/wp\/v2\/comments?post=761"}],"version-history":[{"count":41,"href":"https:\/\/farmacolor.net\/index.php\/wp-json\/wp\/v2\/pages\/761\/revisions"}],"predecessor-version":[{"id":1087,"href":"https:\/\/farmacolor.net\/index.php\/wp-json\/wp\/v2\/pages\/761\/revisions\/1087"}],"wp:attachment":[{"href":"https:\/\/farmacolor.net\/index.php\/wp-json\/wp\/v2\/media?parent=761"}],"curies":[{"name":"wp","href":"https:\/\/api.w.org\/{rel}","templated":true}]}}